{"id":7556,"date":"2015-07-06T08:26:09","date_gmt":"2015-07-06T08:26:09","guid":{"rendered":"https:\/\/site.hotel-vauvert.com\/hotel-gard-vauvert\/"},"modified":"2020-09-09T18:00:04","modified_gmt":"2020-09-09T16:00:04","slug":"hotel-gard-vauvert","status":"publish","type":"page","link":"https:\/\/www.hotel-vauvert.com\/en\/hotel-gard-vauvert\/","title":{"rendered":"Hotel"},"content":{"rendered":"<div id=\"pl-7556\"  class=\"panel-layout\" ><div id=\"pg-7556-0\"  class=\"panel-grid panel-has-style\" ><div class=\"panel-row-style panel-row-style-for-7556-0\" ><div id=\"pgc-7556-0-0\"  class=\"panel-grid-cell\" ><div id=\"panel-7556-0-0-0\" class=\"so-panel widget widget_icon-box panel-first-child panel-last-child\" data-index=\"0\" ><div class=\"panel-widget-style panel-widget-style-for-7556-0-0-0\" ><div class=\"thim-widget-icon-box thim-widget-icon-box-base template-base\"><div class=\"inner-box \"><div style=\"background-image:url()\" class=\"wrapper-box-icon text-center   wrapper-line-heading\" ><div class=\"smicon-box iconbox-top\"><div class=\"content-inner\" ><div class=\"sc-heading article_heading\"><h4 class = \"heading__primary\" style=\"color: #998876;\"> <\/h4><span class=\"line-heading\"><span><\/span><\/span><\/div><div class=\"desc-icon-box\"><div ><p>Located in the South of France, the \"midi\" in the small Camargue, Le Lys d'Or is a privileged destination of your tourist vacations which welcomes you all year round.\nThis charming 2-star hotel offers you 12 rooms including 2 family rooms entirely renovated in an old 18th century building, with shower room, WC, TV, and free Wifi access in all rooms as well as in the common areas.<br \/><\/p>\n<p>Located on the pilgrimage route to Santiago de Compostela, our hotel warmly welcomes pilgrims to offer them a pleasant room with all comfort and quietness to rest peacefully before their next stopover. A preferential rate is applicable under presentation of the creantial that we can mark with our pilgrimage stamp.<\/p><\/div><\/div><\/div><\/div><!--end smicon-box--><\/div><\/div><style>\n\t.smicon-read:hover{\n\t\tcolor: !important;\n\t\tbackground: !important;\n\t}\n\t.smicon-box .boxes-icon:hover{\n\t\tcolor: !important;\n\t\tborder-color: !important;\n\t\tbackground-color:  !important;\n\t}\n\t.smicon-box .boxes-icon:hover .icon i{\n\t\tcolor: !important;\n\t}\n<\/style><\/div><\/div><\/div><\/div><\/div><\/div><div id=\"pg-7556-1\"  class=\"panel-grid panel-has-style\" ><div class=\"thim-gallery-box siteorigin-panels-stretch panel-row-style panel-row-style-for-7556-1\" data-stretch-type=\"full\" ><div id=\"pgc-7556-1-0\"  class=\"panel-grid-cell\" ><div id=\"panel-7556-1-0-0\" class=\"so-panel widget widget_media_image panel-first-child panel-last-child\" data-index=\"1\" ><img width=\"225\" height=\"300\" src=\"https:\/\/www.hotel-vauvert.com\/wp-content\/uploads\/2020\/02\/IMG_0557-scaled-225x300.jpg\" class=\"image wp-image-7147  attachment-medium size-medium\" alt=\"\" loading=\"lazy\" style=\"max-width: 100%; height: auto;\" srcset=\"https:\/\/www.hotel-vauvert.com\/wp-content\/uploads\/2020\/02\/IMG_0557-scaled-225x300.jpg 225w, https:\/\/www.hotel-vauvert.com\/wp-content\/uploads\/2020\/02\/IMG_0557-768x1024.jpg 768w, https:\/\/www.hotel-vauvert.com\/wp-content\/uploads\/2020\/02\/IMG_0557-scaled-1152x1536.jpg 1152w, https:\/\/www.hotel-vauvert.com\/wp-content\/uploads\/2020\/02\/IMG_0557-scaled-1536x2048.jpg 1536w, https:\/\/www.hotel-vauvert.com\/wp-content\/uploads\/2020\/02\/IMG_0557-scaled.jpg 1920w\" sizes=\"(max-width: 225px) 100vw, 225px\" \/><\/div><\/div><div id=\"pgc-7556-1-1\"  class=\"panel-grid-cell\" ><div id=\"panel-7556-1-1-0\" class=\"so-panel widget widget_media_image panel-first-child panel-last-child\" data-index=\"2\" ><img width=\"225\" height=\"300\" src=\"https:\/\/www.hotel-vauvert.com\/wp-content\/uploads\/2020\/02\/IMG_0543-scaled-225x300.jpg\" class=\"image wp-image-7143  attachment-medium size-medium\" alt=\"\" loading=\"lazy\" style=\"max-width: 100%; height: auto;\" srcset=\"https:\/\/www.hotel-vauvert.com\/wp-content\/uploads\/2020\/02\/IMG_0543-scaled-225x300.jpg 225w, https:\/\/www.hotel-vauvert.com\/wp-content\/uploads\/2020\/02\/IMG_0543-768x1024.jpg 768w, https:\/\/www.hotel-vauvert.com\/wp-content\/uploads\/2020\/02\/IMG_0543-scaled-1152x1536.jpg 1152w, https:\/\/www.hotel-vauvert.com\/wp-content\/uploads\/2020\/02\/IMG_0543-scaled-1536x2048.jpg 1536w, https:\/\/www.hotel-vauvert.com\/wp-content\/uploads\/2020\/02\/IMG_0543-scaled.jpg 1920w\" sizes=\"(max-width: 225px) 100vw, 225px\" \/><\/div><\/div><div id=\"pgc-7556-1-2\"  class=\"panel-grid-cell\" ><div id=\"panel-7556-1-2-0\" class=\"so-panel widget widget_media_image panel-first-child panel-last-child\" data-index=\"3\" ><img width=\"225\" height=\"300\" src=\"https:\/\/www.hotel-vauvert.com\/wp-content\/uploads\/2020\/02\/IMG_0286-scaled-225x300.jpg\" class=\"image wp-image-7137  attachment-medium size-medium\" alt=\"\" loading=\"lazy\" style=\"max-width: 100%; height: auto;\" srcset=\"https:\/\/www.hotel-vauvert.com\/wp-content\/uploads\/2020\/02\/IMG_0286-scaled-225x300.jpg 225w, https:\/\/www.hotel-vauvert.com\/wp-content\/uploads\/2020\/02\/IMG_0286-768x1024.jpg 768w, https:\/\/www.hotel-vauvert.com\/wp-content\/uploads\/2020\/02\/IMG_0286-scaled-1152x1536.jpg 1152w, https:\/\/www.hotel-vauvert.com\/wp-content\/uploads\/2020\/02\/IMG_0286-scaled-1536x2048.jpg 1536w, https:\/\/www.hotel-vauvert.com\/wp-content\/uploads\/2020\/02\/IMG_0286-scaled.jpg 1920w\" sizes=\"(max-width: 225px) 100vw, 225px\" \/><\/div><\/div><\/div><\/div><div id=\"pg-7556-2\"  class=\"panel-grid panel-no-style\" ><div id=\"pgc-7556-2-0\"  class=\"panel-grid-cell\" ><div id=\"panel-7556-2-0-0\" class=\"so-panel widget widget_black-studio-tinymce widget_black_studio_tinymce panel-first-child panel-last-child\" data-index=\"4\" ><div class=\"textwidget\"><p>In the South of France, the \"Midi\", the Hotel \"Le Lys d'Or\", is located in Vauvert in the GARD. <strong style=\"color:#998876;\">This geographical situation makes it a privileged destination, so much to discover :<\/strong><\/p>\n<ul>\n<li>la Petite Camargue (Gallician : 7 Km, les Saintes Maries de la Mer : 30 Km),<\/li>\n<li>Roman cities and their arenas (N\u00eemes : 15 Km, Arles : 30 Km),<\/li>\n<li>Mediterranean beaches less than 25 km away (le Grau du Roi, Port Camargue, La Grande Motte, Palavas),<\/li>\n<li>or the lower Cevennes (Al\u00e8s : 40 Km, Le Vigan, Florac, Anduze, Uz\u00e8s).<\/li>\n<\/ul>\n<\/div><\/div><\/div><div id=\"pgc-7556-2-1\"  class=\"panel-grid-cell\" ><div id=\"panel-7556-2-1-0\" class=\"so-panel widget widget_media_image panel-first-child panel-last-child\" data-index=\"5\" ><img width=\"200\" height=\"150\" src=\"https:\/\/www.hotel-vauvert.com\/wp-content\/uploads\/2019\/02\/maison-carree-nimes.jpg\" class=\"image wp-image-6676  attachment-full size-full\" alt=\"\" loading=\"lazy\" style=\"max-width: 100%; height: auto;\" \/><\/div><\/div><\/div><div id=\"pg-7556-3\"  class=\"panel-grid panel-no-style\" ><div id=\"pgc-7556-3-0\"  class=\"panel-grid-cell\" ><div id=\"panel-7556-3-0-0\" class=\"so-panel widget widget_media_image panel-first-child panel-last-child\" data-index=\"6\" ><img width=\"200\" height=\"150\" src=\"https:\/\/www.hotel-vauvert.com\/wp-content\/uploads\/2019\/02\/chevaux-paysage-camargue.jpg\" class=\"image wp-image-6686  attachment-full size-full\" alt=\"\" loading=\"lazy\" style=\"max-width: 100%; height: auto;\" \/><\/div><\/div><div id=\"pgc-7556-3-1\"  class=\"panel-grid-cell\" ><div id=\"panel-7556-3-1-0\" class=\"so-panel widget widget_black-studio-tinymce widget_black_studio_tinymce panel-first-child panel-last-child\" data-index=\"7\" ><div class=\"textwidget\"><p><strong style=\"color:#998876;\">For nature lovers, the little Camargue offers beautiful and rare landscapes :<\/strong> canals, reed beds (reed beds used for thatched roofs and \"gardians\" huts) ponds and marshes where the fauna and flora are very rich: migratory birds: mallards, stumps, shelduckles, coots, scoters, butterflies, flamingos for ornithological species, pike-perch, pikes, carp, eels for the fish farm, all within 7 Km from the hotel.<\/p>\n<p>A little further in the direction of Arles, the Vaccar\u00e8s pond and its zoological and botanical nature reserve,<strong>Camargue Regional Natural Park in the Rhone Delta.<\/strong><\/p>\n<\/div><\/div><\/div><\/div><div id=\"pg-7556-4\"  class=\"panel-grid panel-no-style\" ><div id=\"pgc-7556-4-0\"  class=\"panel-grid-cell\" ><div id=\"panel-7556-4-0-0\" class=\"so-panel widget widget_black-studio-tinymce widget_black_studio_tinymce panel-first-child panel-last-child\" data-index=\"8\" ><div class=\"textwidget\"><p><strong style=\"color:#998876;\">Cities located within a radius of 35 Km offer many historical monuments<\/strong>, N\u00eemes with its Roman arenas, the Gardens of the Fountain, the Square House, the Magne Tower, Aigues Mortes and its ramparts dating from Saint LOUIS, Arles, Montpellier, Avignon.<\/p>\n<p>Finally, on the coast, the Grau du Roi, less than 25 km away, offers fine sandy beaches as well as the most important marina in Europe (Port Camargue), not forgetting the pyramids of the Grande Motte.<\/p>\n<p>Throughout the year, many festive events take place in the region, F\u00e9ria de N\u00eemes at Pentecost, and Arles in spring, F\u00eate de Saint LOUIS at the end of summer in Aigues Mortes, water jousting in the Grau du Roi canal and horse races on the beaches, pilgrimage of the Saintes Maries de la mer in spring.<\/p>\n<\/div><\/div><\/div><div id=\"pgc-7556-4-1\"  class=\"panel-grid-cell\" ><div id=\"panel-7556-4-1-0\" class=\"so-panel widget widget_media_image panel-first-child panel-last-child\" data-index=\"9\" ><img width=\"200\" height=\"150\" src=\"https:\/\/www.hotel-vauvert.com\/wp-content\/uploads\/2019\/02\/cite-medievale-aigues-mortes.jpg\" class=\"image wp-image-5341  attachment-full size-full\" alt=\"\" loading=\"lazy\" style=\"max-width: 100%; height: auto;\" \/><\/div><\/div><\/div><div id=\"pg-7556-5\"  class=\"panel-grid panel-no-style\" ><div id=\"pgc-7556-5-0\"  class=\"panel-grid-cell\" ><div id=\"panel-7556-5-0-0\" class=\"so-panel widget widget_text panel-first-child panel-last-child\" data-index=\"10\" >\t\t\t<div class=\"textwidget\">In Vauvert itself, the<strong> votive festival<\/strong> takes place during the week of August 15, the competition of the manades on Ascension Thursday. Numerous Camargue races take place on weekends and public holidays in Vauvert and its surroundings.<\/div>\n\t\t<\/div><\/div><\/div><div id=\"pg-7556-6\"  class=\"panel-grid panel-no-style\" ><div id=\"pgc-7556-6-0\"  class=\"panel-grid-cell\" ><div id=\"panel-7556-6-0-0\" class=\"so-panel widget widget_icon-box panel-first-child\" data-index=\"11\" ><div id=\"offres-hotel-vauvert\" class=\"panel-widget-style panel-widget-style-for-7556-6-0-0\" ><div class=\"thim-widget-icon-box thim-widget-icon-box-base template-base\"><div class=\"inner-box \"><div style=\"background-image:url()\" class=\"wrapper-box-icon text-center   wrapper-line-heading\" ><div class=\"smicon-box iconbox-top\"><div class=\"content-inner\" ><div class=\"sc-heading article_heading\"><h3 class = \"heading__primary\" style=\"color: #998876;\">Our Special Offers<\/h3><span class=\"line-heading\"><span><\/span><\/span><\/div><\/div><\/div><!--end smicon-box--><\/div><\/div><style>\n\t.smicon-read:hover{\n\t\tcolor: !important;\n\t\tbackground: !important;\n\t}\n\t.smicon-box .boxes-icon:hover{\n\t\tcolor: !important;\n\t\tborder-color: !important;\n\t\tbackground-color:  !important;\n\t}\n\t.smicon-box .boxes-icon:hover .icon i{\n\t\tcolor: !important;\n\t}\n<\/style><\/div><\/div><\/div><div id=\"panel-7556-6-0-1\" class=\"so-panel widget widget_list-html panel-last-child\" data-index=\"12\" ><div id=\"offres_hotel\" class=\"panel-widget-style panel-widget-style-for-7556-6-0-1\" ><div class=\"thim-widget-list-html thim-widget-list-html-base template-base\"><div class=\"list-html-content\"><div class=\"row\"><div class=\"col-sm-6\"><div class=\"item-content\"><div class=\"title-list\"><h5>1. Preferential pricess for pilgrims <\/h5><\/div><div class=\"desc-list\">Vauvert is located on the pilgrimage route to Santiago de Compostela, our hotel warmly welcomes pilgrims in order to offer them a pleasant room with all comfort and quietness to rest peacefully before their next stopover. A preferential rate is applicable under presentation of the credencial that we can mark with our pilgrimage stamp.<\/div><\/div><\/div><div class=\"col-sm-6\"><div class=\"item-content\"><div class=\"title-list\"><h5>2. Room rental <\/h5><\/div><div class=\"desc-list\">Room rental for companies: meeting room, training room, seminar room<\/div><\/div><\/div><\/div><span class=\"line-center\"><\/span><\/div><\/div><\/div><\/div><\/div><\/div><div id=\"pg-7556-7\"  class=\"panel-grid panel-has-style\" ><div class=\"thim-bg-overlay siteorigin-panels-stretch article__parallax panel-row-style panel-row-style-for-7556-7\" data-stretch-type=\"full\" ><div id=\"pgc-7556-7-0\"  class=\"panel-grid-cell\" ><div id=\"panel-7556-7-0-0\" class=\"so-panel widget widget_siteorigin-panels-builder panel-first-child panel-last-child\" data-index=\"13\" ><div id=\"pl-w5f58cfc79baf1\"  class=\"panel-layout\" ><div id=\"pg-w5f58cfc79baf1-0\"  class=\"panel-grid panel-has-style\" ><div class=\"panel-row-style panel-row-style-for-w5f58cfc79baf1-0\" ><div id=\"pgc-w5f58cfc79baf1-0-0\"  class=\"panel-grid-cell\" ><div id=\"panel-w5f58cfc79baf1-0-0-0\" class=\"so-panel widget widget_counters-box panel-first-child panel-last-child\" data-index=\"0\" ><div class=\"thim-widget-counters-box thim-widget-counters-box-base template-base\"><div class=\"counter-box \" ><div class=\"counterbox-content\"><div class=\"content-box-percentage\"><span class=\"display-percentage\" data-percentage=\"1\">1<\/span><span class=\"counter-box-content\">meeting room<\/span><\/div><\/div><\/div><\/div><\/div><\/div><div id=\"pgc-w5f58cfc79baf1-0-1\"  class=\"panel-grid-cell\" ><div id=\"panel-w5f58cfc79baf1-0-1-0\" class=\"so-panel widget widget_counters-box panel-first-child panel-last-child\" data-index=\"1\" ><div class=\"thim-widget-counters-box thim-widget-counters-box-base template-base\"><div class=\"counter-box \" ><div class=\"counterbox-content\"><div class=\"content-box-percentage\"><span class=\"display-percentage\" data-percentage=\"12\">12<\/span><span class=\"counter-box-content\">rooms<\/span><\/div><\/div><\/div><\/div><\/div><\/div><div id=\"pgc-w5f58cfc79baf1-0-2\"  class=\"panel-grid-cell\" ><div id=\"panel-w5f58cfc79baf1-0-2-0\" class=\"so-panel widget widget_counters-box panel-first-child panel-last-child\" data-index=\"2\" ><div class=\"thim-widget-counters-box thim-widget-counters-box-base template-base\"><div class=\"counter-box \" ><div class=\"counterbox-content\"><div class=\"content-box-percentage\"><span class=\"display-percentage\" data-percentage=\"1\">1<\/span><span class=\"counter-box-content\">parking<\/span><\/div><\/div><\/div><\/div><\/div><\/div><\/div><\/div><\/div><\/div><\/div><\/div><\/div><\/div>","protected":false},"excerpt":{"rendered":"<p> Located in the South of France, the &#8220;midi&#8221; in the small Camargue, Le Lys d&#8217;Or is a privileged destination of your tourist vacations which welcomes you all year round.<br \/>\nThis charming 2-star hotel offers you 12 rooms including 2 family rooms entirely renovated in an old 18th century building, with shower room, WC, TV, <\/p>\n","protected":false},"author":1,"featured_media":0,"parent":0,"menu_order":0,"comment_status":"closed","ping_status":"closed","template":"","meta":[],"_links":{"self":[{"href":"https:\/\/www.hotel-vauvert.com\/en\/wp-json\/wp\/v2\/pages\/7556"}],"collection":[{"href":"https:\/\/www.hotel-vauvert.com\/en\/wp-json\/wp\/v2\/pages"}],"about":[{"href":"https:\/\/www.hotel-vauvert.com\/en\/wp-json\/wp\/v2\/types\/page"}],"author":[{"embeddable":true,"href":"https:\/\/www.hotel-vauvert.com\/en\/wp-json\/wp\/v2\/users\/1"}],"replies":[{"embeddable":true,"href":"https:\/\/www.hotel-vauvert.com\/en\/wp-json\/wp\/v2\/comments?post=7556"}],"version-history":[{"count":0,"href":"https:\/\/www.hotel-vauvert.com\/en\/wp-json\/wp\/v2\/pages\/7556\/revisions"}],"wp:attachment":[{"href":"https:\/\/www.hotel-vauvert.com\/en\/wp-json\/wp\/v2\/media?parent=7556"}],"curies":[{"name":"wp","href":"https:\/\/api.w.org\/{rel}","templated":true}]}}